{"id":3132,"date":"2025-05-22T09:21:44","date_gmt":"2025-05-22T07:21:44","guid":{"rendered":"https:\/\/antenne-quartiers-durables.ch\/kontakt\/"},"modified":"2025-09-01T16:08:45","modified_gmt":"2025-09-01T14:08:45","slug":"kontakt","status":"publish","type":"page","link":"https:\/\/antenne-quartiers-durables.ch\/de\/kontakt\/","title":{"rendered":"Kontakt"},"content":{"rendered":"\t\t<div data-elementor-type=\"wp-page\" data-elementor-id=\"3132\" class=\"elementor elementor-3132 elementor-134\" data-elementor-post-type=\"page\">\n\t\t\t\t<div class=\"elementor-element elementor-element-3ebf557 e-con-full e-flex e-con e-parent\" data-id=\"3ebf557\" data-element_type=\"container\" data-e-type=\"container\" data-settings=\"{&quot;background_background&quot;:&quot;classic&quot;}\">\n\t\t<div class=\"elementor-element elementor-element-fd259ea e-con-full e-flex e-con e-child\" data-id=\"fd259ea\" data-element_type=\"container\" data-e-type=\"container\" data-settings=\"{&quot;background_background&quot;:&quot;classic&quot;}\">\n\t\t\t\t<div class=\"elementor-element elementor-element-217e8dc elementor-widget elementor-widget-heading\" data-id=\"217e8dc\" data-element_type=\"widget\" data-e-type=\"widget\" data-widget_type=\"heading.default\">\n\t\t\t\t<div class=\"elementor-widget-container\">\n\t\t\t\t\t<h1 class=\"elementor-heading-title elementor-size-default\">Kontaktieren Sie uns<\/h1>\t\t\t\t<\/div>\n\t\t\t\t<\/div>\n\t\t\t\t<div class=\"elementor-element elementor-element-bc1a16c elementor-widget elementor-widget-text-editor\" data-id=\"bc1a16c\" data-element_type=\"widget\" data-e-type=\"widget\" data-widget_type=\"text-editor.default\">\n\t\t\t\t<div class=\"elementor-widget-container\">\n\t\t\t\t\t\t\t\t\tM\u00f6chten Sie Informationen \u00fcber die Antenne Nachhaltige Quartiere?\nM\u00f6chten Sie sich als Mitglied dem Verein anschliessen?\nWollen Sie konkret Massnahmen besprechen, die in Ihrem Quartier umgesetzt werden k\u00f6nnten?\n<br>Z\u00f6gern Sie nicht, uns zu kontaktieren.\t\t\t\t\t\t\t\t<\/div>\n\t\t\t\t<\/div>\n\t\t\t\t<\/div>\n\t\t\t\t<div class=\"elementor-element elementor-element-0df4bd2 elementor-widget-divider--view-line elementor-widget elementor-widget-divider\" data-id=\"0df4bd2\" data-element_type=\"widget\" data-e-type=\"widget\" data-widget_type=\"divider.default\">\n\t\t\t\t<div class=\"elementor-widget-container\">\n\t\t\t\t\t\t\t<div class=\"elementor-divider\">\n\t\t\t<span class=\"elementor-divider-separator\">\n\t\t\t\t\t\t<\/span>\n\t\t<\/div>\n\t\t\t\t\t\t<\/div>\n\t\t\t\t<\/div>\n\t\t\t\t<\/div>\n\t\t<div class=\"elementor-element elementor-element-bb9b863 e-con-full e-flex e-con e-parent\" data-id=\"bb9b863\" data-element_type=\"container\" data-e-type=\"container\">\n\t\t<div class=\"elementor-element elementor-element-21a8f15d e-con-full e-flex e-con e-child\" data-id=\"21a8f15d\" data-element_type=\"container\" data-e-type=\"container\">\n\t\t<div class=\"elementor-element elementor-element-1ad9078 e-con-full e-flex e-con e-child\" data-id=\"1ad9078\" data-element_type=\"container\" data-e-type=\"container\">\n\t\t\t\t<div class=\"elementor-element elementor-element-4c2edc05 elementor-widget elementor-widget-heading\" data-id=\"4c2edc05\" data-element_type=\"widget\" data-e-type=\"widget\" data-widget_type=\"heading.default\">\n\t\t\t\t<div class=\"elementor-widget-container\">\n\t\t\t\t\t<h3 class=\"elementor-heading-title elementor-size-default\">Adresse<\/h3>\t\t\t\t<\/div>\n\t\t\t\t<\/div>\n\t\t\t\t<div class=\"elementor-element elementor-element-706057f0 elementor-widget elementor-widget-text-editor\" data-id=\"706057f0\" data-element_type=\"widget\" data-e-type=\"widget\" data-widget_type=\"text-editor.default\">\n\t\t\t\t<div class=\"elementor-widget-container\">\n\t\t\t\t\t\t\t\t\t<p>Antenne Quartiers Durables<br>C.I.S \u2013 Centre d\u2019int\u00e9gration socioprofessionnelle<br>Rte des Daillettes 1<br>1700 Fribourg<\/p>\t\t\t\t\t\t\t\t<\/div>\n\t\t\t\t<\/div>\n\t\t\t\t<\/div>\n\t\t\t\t<\/div>\n\t\t<div class=\"elementor-element elementor-element-fa8006c e-con-full e-flex e-con e-child\" data-id=\"fa8006c\" data-element_type=\"container\" data-e-type=\"container\">\n\t\t\t\t<div class=\"elementor-element elementor-element-278fddf6 elementor-widget elementor-widget-heading\" data-id=\"278fddf6\" data-element_type=\"widget\" data-e-type=\"widget\" data-widget_type=\"heading.default\">\n\t\t\t\t<div class=\"elementor-widget-container\">\n\t\t\t\t\t<h3 class=\"elementor-heading-title elementor-size-default\">Kontakt<\/h3>\t\t\t\t<\/div>\n\t\t\t\t<\/div>\n\t\t\t\t<div class=\"elementor-element elementor-element-231527c7 elementor-widget elementor-widget-text-editor\" data-id=\"231527c7\" data-element_type=\"widget\" data-e-type=\"widget\" data-widget_type=\"text-editor.default\">\n\t\t\t\t<div class=\"elementor-widget-container\">\n\t\t\t\t\t\t\t\t\t<p>Gesch\u00e4ftsstelle AQD<br><a title=\"mailto:emmanuelle.favre01@fr.ch\" href=\"info@antenne-quartiers-durables.ch\">info@antenne-quartiers-durables.ch<\/a><br>+41 26 305 48 88<\/p>\t\t\t\t\t\t\t\t<\/div>\n\t\t\t\t<\/div>\n\t\t\t\t<\/div>\n\t\t\t\t<\/div>\n\t\t\t\t<\/div>\n\t\t","protected":false},"excerpt":{"rendered":"<p>Kontaktieren Sie uns M\u00f6chten Sie Informationen \u00fcber die Antenne Nachhaltige Quartiere? M\u00f6chten Sie sich als Mitglied dem Verein anschliessen? Wollen Sie konkret Massnahmen besprechen, die in Ihrem Quartier umgesetzt werden k\u00f6nnten? Z\u00f6gern Sie nicht, uns zu kontaktieren. Adresse Antenne Quartiers DurablesC.I.S \u2013 Centre d\u2019int\u00e9gration socioprofessionnelleRte des Daillettes 11700 Fribourg Kontakt Gesch\u00e4ftsstelle AQDinfo@antenne-quartiers-durables.ch+41 26 305 48 [&hellip;]<\/p>\n","protected":false},"author":3,"featured_media":0,"parent":0,"menu_order":22,"comment_status":"closed","ping_status":"closed","template":"elementor_header_footer","meta":{"footnotes":""},"class_list":["post-3132","page","type-page","status-publish","hentry"],"_links":{"self":[{"href":"https:\/\/antenne-quartiers-durables.ch\/de\/wp-json\/wp\/v2\/pages\/3132","targetHints":{"allow":["GET"]}}],"collection":[{"href":"https:\/\/antenne-quartiers-durables.ch\/de\/wp-json\/wp\/v2\/pages"}],"about":[{"href":"https:\/\/antenne-quartiers-durables.ch\/de\/wp-json\/wp\/v2\/types\/page"}],"author":[{"embeddable":true,"href":"https:\/\/antenne-quartiers-durables.ch\/de\/wp-json\/wp\/v2\/users\/3"}],"replies":[{"embeddable":true,"href":"https:\/\/antenne-quartiers-durables.ch\/de\/wp-json\/wp\/v2\/comments?post=3132"}],"version-history":[{"count":10,"href":"https:\/\/antenne-quartiers-durables.ch\/de\/wp-json\/wp\/v2\/pages\/3132\/revisions"}],"predecessor-version":[{"id":3307,"href":"https:\/\/antenne-quartiers-durables.ch\/de\/wp-json\/wp\/v2\/pages\/3132\/revisions\/3307"}],"wp:attachment":[{"href":"https:\/\/antenne-quartiers-durables.ch\/de\/wp-json\/wp\/v2\/media?parent=3132"}],"curies":[{"name":"wp","href":"https:\/\/api.w.org\/{rel}","templated":true}]}}