{"id":3130,"date":"2025-06-16T09:40:28","date_gmt":"2025-06-16T07:40:28","guid":{"rendered":"https:\/\/antenne-quartiers-durables.ch\/beratung-und-begleitung\/"},"modified":"2026-03-05T13:29:45","modified_gmt":"2026-03-05T12:29:45","slug":"beratung-und-begleitung","status":"publish","type":"page","link":"https:\/\/antenne-quartiers-durables.ch\/de\/besichtigungen\/beratung-und-begleitung\/","title":{"rendered":"Beratung und Begleitung"},"content":{"rendered":"\t\t<div data-elementor-type=\"wp-page\" data-elementor-id=\"3130\" class=\"elementor elementor-3130 elementor-745\" data-elementor-post-type=\"page\">\n\t\t\t\t<div class=\"elementor-element elementor-element-283be9b e-con-full animated-slow e-flex elementor-invisible e-con e-parent\" data-id=\"283be9b\" data-element_type=\"container\" data-e-type=\"container\" data-settings=\"{&quot;background_background&quot;:&quot;classic&quot;,&quot;animation&quot;:&quot;fadeIn&quot;}\">\n\t\t<div class=\"elementor-element elementor-element-779dbd1 e-con-full e-flex e-con e-child\" data-id=\"779dbd1\" data-element_type=\"container\" data-e-type=\"container\" data-settings=\"{&quot;background_background&quot;:&quot;classic&quot;}\">\n\t\t\t\t<div class=\"elementor-element elementor-element-61bbec7 elementor-widget elementor-widget-heading\" data-id=\"61bbec7\" data-element_type=\"widget\" data-e-type=\"widget\" data-widget_type=\"heading.default\">\n\t\t\t\t<div class=\"elementor-widget-container\">\n\t\t\t\t\t<h1 class=\"elementor-heading-title elementor-size-default\">Beratung und Begleitung<\/h1>\t\t\t\t<\/div>\n\t\t\t\t<\/div>\n\t\t\t\t<div class=\"elementor-element elementor-element-4fb72eb elementor-widget elementor-widget-text-editor\" data-id=\"4fb72eb\" data-element_type=\"widget\" data-e-type=\"widget\" data-widget_type=\"text-editor.default\">\n\t\t\t\t<div class=\"elementor-widget-container\">\n\t\t\t\t\t\t\t\t\t<p><span style=\"text-align: left;\">Die Antenne Nachhaltige Quartiere identifiziert die Bed\u00fcrfnisse der Akteurinnen und Akteure und bringt sie mit Fachleuten in Kontakt, die sie unterst\u00fctzen k\u00f6nnen.<\/span><\/p>\t\t\t\t\t\t\t\t<\/div>\n\t\t\t\t<\/div>\n\t\t\t\t<\/div>\n\t\t\t\t<div class=\"elementor-element elementor-element-7427c36 elementor-widget-divider--view-line elementor-widget elementor-widget-divider\" data-id=\"7427c36\" data-element_type=\"widget\" data-e-type=\"widget\" data-widget_type=\"divider.default\">\n\t\t\t\t<div class=\"elementor-widget-container\">\n\t\t\t\t\t\t\t<div class=\"elementor-divider\">\n\t\t\t<span class=\"elementor-divider-separator\">\n\t\t\t\t\t\t<\/span>\n\t\t<\/div>\n\t\t\t\t\t\t<\/div>\n\t\t\t\t<\/div>\n\t\t<div class=\"elementor-element elementor-element-a74f0b9 e-con-full animated-slow e-flex elementor-invisible e-con e-child\" data-id=\"a74f0b9\" data-element_type=\"container\" data-e-type=\"container\" data-settings=\"{&quot;animation&quot;:&quot;fadeInUp&quot;,&quot;animation_delay&quot;:200}\">\n\t\t<div class=\"elementor-element elementor-element-e3410b8 e-con-full e-flex e-con e-child\" data-id=\"e3410b8\" data-element_type=\"container\" data-e-type=\"container\" data-settings=\"{&quot;background_background&quot;:&quot;classic&quot;}\">\n\t\t\t\t<div class=\"elementor-element elementor-element-6f74bc5 elementor-widget__width-initial elementor-widget elementor-widget-heading\" data-id=\"6f74bc5\" data-element_type=\"widget\" data-e-type=\"widget\" data-widget_type=\"heading.default\">\n\t\t\t\t<div class=\"elementor-widget-container\">\n\t\t\t\t\t<h2 class=\"elementor-heading-title elementor-size-default\">Sind Sie ein Quartierverein?<\/h2>\t\t\t\t<\/div>\n\t\t\t\t<\/div>\n\t\t\t\t<div class=\"elementor-element elementor-element-e7c304d elementor-widget__width-initial elementor-widget-tablet__width-inherit elementor-widget elementor-widget-text-editor\" data-id=\"e7c304d\" data-element_type=\"widget\" data-e-type=\"widget\" data-widget_type=\"text-editor.default\">\n\t\t\t\t<div class=\"elementor-widget-container\">\n\t\t\t\t\t\t\t\t\t<p>Quartiervereine (oder Zusammenschl\u00fcsse von Bewohnerinnen und Bewohnern) spielen eine wesentliche Rolle bei der Umsetzung nachhaltiger Praktiken auf lokaler Ebene, indem sie die Bewohnerinnen und Bewohner mobilisieren und mit den Beh\u00f6rden zusammenarbeiten.<\/p><p>2023 begleitete die Antenne Nachhaltige Quartiere die Interessengemeinschaft des Quartiers Beaumont-Vignettaz-Mons\u00e9jour (AIQBVM) bei ihrem Nachhaltigkeitsprozesses. Aufgrund dieser Erfahrung m\u00f6chte die Antenne die gewonnenen Erkenntnisse weitergeben, damit sich andere Vereine eigenst\u00e4ndig in einem \u00e4hnlichen Prozess engagieren k\u00f6nnen. Zu diesem Zweck entwickelte sie eine \u00ab Gebrauchsanweisung f\u00fcr Nachbarschaftsvereinen \u00bb.<\/p><p>Dieses Dokument finden Sie hier :<\/p>\t\t\t\t\t\t\t\t<\/div>\n\t\t\t\t<\/div>\n\t\t\t\t<div class=\"elementor-element elementor-element-366d34d elementor-mobile-align-center elementor-widget elementor-widget-button\" data-id=\"366d34d\" data-element_type=\"widget\" data-e-type=\"widget\" data-widget_type=\"button.default\">\n\t\t\t\t<div class=\"elementor-widget-container\">\n\t\t\t\t\t\t\t\t\t<div class=\"elementor-button-wrapper\">\n\t\t\t\t\t<a class=\"elementor-button elementor-button-link elementor-size-sm\" href=\"https:\/\/antenne-quartiers-durables.ch\/de\/gebrauchsanweisung-fuer-nachbarschaftsvereinen\/\" target=\"_blank\">\n\t\t\t\t\t\t<span class=\"elementor-button-content-wrapper\">\n\t\t\t\t\t\t\t\t\t<span class=\"elementor-button-text\">Gebrauchsanweisung<\/span>\n\t\t\t\t\t<\/span>\n\t\t\t\t\t<\/a>\n\t\t\t\t<\/div>\n\t\t\t\t\t\t\t\t<\/div>\n\t\t\t\t<\/div>\n\t\t\t\t<\/div>\n\t\t<div class=\"elementor-element elementor-element-288d354 e-con-full elementor-hidden-mobile e-flex e-con e-child\" data-id=\"288d354\" data-element_type=\"container\" data-e-type=\"container\" data-settings=\"{&quot;background_background&quot;:&quot;classic&quot;,&quot;motion_fx_motion_fx_scrolling&quot;:&quot;yes&quot;,&quot;motion_fx_motion_fx_mouse&quot;:&quot;yes&quot;,&quot;motion_fx_mouseTrack_effect&quot;:&quot;yes&quot;,&quot;motion_fx_mouseTrack_speed&quot;:{&quot;unit&quot;:&quot;px&quot;,&quot;size&quot;:0.4,&quot;sizes&quot;:[]},&quot;motion_fx_devices&quot;:[&quot;desktop&quot;,&quot;tablet&quot;,&quot;mobile&quot;]}\">\n\t\t\t\t<div class=\"elementor-element elementor-element-f2ba5b6 elementor-widget elementor-widget-image\" data-id=\"f2ba5b6\" data-element_type=\"widget\" data-e-type=\"widget\" data-widget_type=\"image.default\">\n\t\t\t\t<div class=\"elementor-widget-container\">\n\t\t\t\t\t\t\t\t\t\t\t\t\t\t\t<img fetchpriority=\"high\" decoding=\"async\" width=\"343\" height=\"300\" src=\"https:\/\/antenne-quartiers-durables.ch\/wp-content\/uploads\/hori-rouge.svg\" class=\"attachment-large size-large wp-image-3043\" alt=\"\" \/>\t\t\t\t\t\t\t\t\t\t\t\t\t\t\t<\/div>\n\t\t\t\t<\/div>\n\t\t\t\t<\/div>\n\t\t\t\t<\/div>\n\t\t<div class=\"elementor-element elementor-element-22fa9b0 e-con-full animated-slow e-flex elementor-invisible e-con e-child\" data-id=\"22fa9b0\" data-element_type=\"container\" data-e-type=\"container\" data-settings=\"{&quot;animation&quot;:&quot;fadeInUp&quot;,&quot;animation_delay&quot;:200}\">\n\t\t<div class=\"elementor-element elementor-element-aba7a2c e-con-full elementor-hidden-mobile e-flex e-con e-child\" data-id=\"aba7a2c\" data-element_type=\"container\" data-e-type=\"container\" data-settings=\"{&quot;background_background&quot;:&quot;classic&quot;,&quot;motion_fx_motion_fx_scrolling&quot;:&quot;yes&quot;,&quot;motion_fx_motion_fx_mouse&quot;:&quot;yes&quot;,&quot;motion_fx_mouseTrack_effect&quot;:&quot;yes&quot;,&quot;motion_fx_mouseTrack_direction&quot;:&quot;negative&quot;,&quot;motion_fx_mouseTrack_speed&quot;:{&quot;unit&quot;:&quot;px&quot;,&quot;size&quot;:0.4,&quot;sizes&quot;:[]},&quot;motion_fx_devices&quot;:[&quot;desktop&quot;,&quot;tablet&quot;,&quot;mobile&quot;]}\">\n\t\t\t\t<div class=\"elementor-element elementor-element-b6fcc47 elementor-widget elementor-widget-image\" data-id=\"b6fcc47\" data-element_type=\"widget\" data-e-type=\"widget\" data-widget_type=\"image.default\">\n\t\t\t\t<div class=\"elementor-widget-container\">\n\t\t\t\t\t\t\t\t\t\t\t\t\t\t\t<img decoding=\"async\" width=\"300\" height=\"300\" src=\"https:\/\/antenne-quartiers-durables.ch\/wp-content\/uploads\/point-bleu-2.svg\" class=\"attachment-large size-large wp-image-3008\" alt=\"\" \/>\t\t\t\t\t\t\t\t\t\t\t\t\t\t\t<\/div>\n\t\t\t\t<\/div>\n\t\t\t\t<\/div>\n\t\t<div class=\"elementor-element elementor-element-8751f53 e-con-full e-flex e-con e-child\" data-id=\"8751f53\" data-element_type=\"container\" data-e-type=\"container\" data-settings=\"{&quot;background_background&quot;:&quot;classic&quot;}\">\n\t\t\t\t<div class=\"elementor-element elementor-element-251cdc2 elementor-widget__width-initial elementor-widget elementor-widget-heading\" data-id=\"251cdc2\" data-element_type=\"widget\" data-e-type=\"widget\" data-widget_type=\"heading.default\">\n\t\t\t\t<div class=\"elementor-widget-container\">\n\t\t\t\t\t<h2 class=\"elementor-heading-title elementor-size-default\">Sind Sie eine Gemeinde, eine Quartierentwicklerin oder ein Quartierentwickler? <\/h2>\t\t\t\t<\/div>\n\t\t\t\t<\/div>\n\t\t\t\t<div class=\"elementor-element elementor-element-6308478 elementor-widget__width-initial elementor-widget elementor-widget-text-editor\" data-id=\"6308478\" data-element_type=\"widget\" data-e-type=\"widget\" data-widget_type=\"text-editor.default\">\n\t\t\t\t<div class=\"elementor-widget-container\">\n\t\t\t\t\t\t\t\t\tM\u00f6chten Sie konkret besprechen, welche Massnahmen in einem bestehenden oder sich entwickelnden Quartier umgesetzt werden k\u00f6nnten?\n\nAuf der Grundlage der ermittelten Bed\u00fcrfnisse kann die Antenne Nachhaltige Quartiere:\n<ul>\n \t<li>Ihnen Ressourcen (Tools, Beispiele usw.) zur Verf\u00fcgung stellen, um dies zu erreichen;<\/li>\n \t<li>Sie mit Fachleuten in Kontakt bringen, die Sie unterst\u00fctzen k\u00f6nnen;<\/li>\n \t<li>als Ansprechpartner dienen bei Anfragen, die direkt eine Dienststelle des Staats Freiburg betreffen.<\/li>\n<\/ul>\nKontaktieren Sie uns f\u00fcr eine erste Beratung! Wir besprechen das Quartier, das Sie interessiert, und bringen Sie mit den passenden Ansprechpersonen oder Ressourcen in Kontakt.\t\t\t\t\t\t\t\t<\/div>\n\t\t\t\t<\/div>\n\t\t\t\t<\/div>\n\t\t\t\t<\/div>\n\t\t\t\t<\/div>\n\t\t<div class=\"elementor-element elementor-element-6a3aefe e-con-full animated-slow e-flex elementor-invisible e-con e-parent\" data-id=\"6a3aefe\" data-element_type=\"container\" data-e-type=\"container\" data-settings=\"{&quot;animation&quot;:&quot;fadeInUp&quot;,&quot;animation_mobile&quot;:&quot;fadeInUp&quot;,&quot;animation_delay&quot;:200}\">\n\t\t\t\t<div class=\"elementor-element elementor-element-6a5b551 elementor-widget elementor-widget-jet-engine-component-1275\" data-id=\"6a5b551\" data-element_type=\"widget\" data-e-type=\"widget\" data-widget_type=\"jet-engine-component-1275.default\">\n\t\t\t\t<div class=\"elementor-widget-container\">\n\t\t\t\t\t<style>.elementor-3320 .elementor-element.elementor-element-5eb8eca{--display:flex;--justify-content:center;--border-radius:30px 30px 30px 30px;--padding-top:5%;--padding-bottom:5%;--padding-left:0%;--padding-right:0%;}.elementor-widget-heading .elementor-heading-title{font-family:var( --e-global-typography-primary-font-family ), Sans-serif;font-size:var( --e-global-typography-primary-font-size );font-weight:var( --e-global-typography-primary-font-weight );font-style:var( --e-global-typography-primary-font-style );text-decoration:var( --e-global-typography-primary-text-decoration );line-height:var( --e-global-typography-primary-line-height );color:var( --e-global-color-primary );}.elementor-3320 .elementor-element.elementor-element-3b6b6d8{text-align:center;}.elementor-3320 .elementor-element.elementor-element-3b6b6d8 .elementor-heading-title{font-family:var( --e-global-typography-192b1e9-font-family ), Sans-serif;font-size:var( --e-global-typography-192b1e9-font-size );font-weight:var( --e-global-typography-192b1e9-font-weight );font-style:var( --e-global-typography-192b1e9-font-style );text-decoration:var( --e-global-typography-192b1e9-text-decoration );line-height:var( --e-global-typography-192b1e9-line-height );letter-spacing:var( --e-global-typography-192b1e9-letter-spacing );word-spacing:var( --e-global-typography-192b1e9-word-spacing );}.elementor-3320 .elementor-element.elementor-element-03fa5cc{text-align:center;}.elementor-3320 .elementor-element.elementor-element-03fa5cc > .elementor-widget-container{padding:0% 0% 4% 0%;}.elementor-widget-button .elementor-button{font-family:var( --e-global-typography-accent-font-family ), Sans-serif;font-size:var( --e-global-typography-accent-font-size );font-weight:var( --e-global-typography-accent-font-weight );font-style:var( --e-global-typography-accent-font-style );text-decoration:var( --e-global-typography-accent-text-decoration );line-height:var( --e-global-typography-accent-line-height );background-color:var( --e-global-color-accent );}.elementor-3320 .elementor-element.elementor-element-18c24e4 .elementor-button:hover, .elementor-3320 .elementor-element.elementor-element-18c24e4 .elementor-button:focus{color:var( --e-global-color-1b95cf9 );background-color:var( --e-global-color-1986afc );border-color:var( --e-global-color-1b95cf9 );}.elementor-3320 .elementor-element.elementor-element-18c24e4 .elementor-button:hover svg, .elementor-3320 .elementor-element.elementor-element-18c24e4 .elementor-button:focus svg{fill:var( --e-global-color-1b95cf9 );}.elementor-3320 .elementor-element.elementor-element-18c24e4 .elementor-button{border-style:solid;border-width:1px 1px 1px 1px;border-color:var( --e-global-color-1b95cf9 );border-radius:30px 30px 30px 30px;padding:23px 44px 23px 44px;}@media(min-width:768px){.elementor-3320 .elementor-element.elementor-element-5eb8eca{--width:100%;}}@media(max-width:1079px){.elementor-widget-heading .elementor-heading-title{font-size:var( --e-global-typography-primary-font-size );line-height:var( --e-global-typography-primary-line-height );}.elementor-3320 .elementor-element.elementor-element-3b6b6d8 .elementor-heading-title{font-size:var( --e-global-typography-192b1e9-font-size );line-height:var( --e-global-typography-192b1e9-line-height );letter-spacing:var( --e-global-typography-192b1e9-letter-spacing );word-spacing:var( --e-global-typography-192b1e9-word-spacing );}.elementor-widget-button .elementor-button{font-size:var( --e-global-typography-accent-font-size );line-height:var( --e-global-typography-accent-line-height );}.elementor-3320 .elementor-element.elementor-element-18c24e4 .elementor-button{padding:20px 39px 20px 39px;}}@media(max-width:767px){.elementor-widget-heading .elementor-heading-title{font-size:var( --e-global-typography-primary-font-size );line-height:var( --e-global-typography-primary-line-height );}.elementor-3320 .elementor-element.elementor-element-3b6b6d8{text-align:center;}.elementor-3320 .elementor-element.elementor-element-3b6b6d8 .elementor-heading-title{font-size:var( --e-global-typography-192b1e9-font-size );line-height:var( --e-global-typography-192b1e9-line-height );letter-spacing:var( --e-global-typography-192b1e9-letter-spacing );word-spacing:var( --e-global-typography-192b1e9-word-spacing );}.elementor-3320 .elementor-element.elementor-element-03fa5cc{text-align:center;}.elementor-widget-button .elementor-button{font-size:var( --e-global-typography-accent-font-size );line-height:var( --e-global-typography-accent-line-height );}}<\/style><style type=\"text\/css\">.jet-listing-dynamic-post-3130 .elementor-element.elementor-element-5eb8eca:not(.elementor-motion-effects-element-type-background), .jet-listing-dynamic-post-3130 .elementor-element.elementor-element-5eb8eca > .elementor-motion-effects-container > .elementor-motion-effects-layer{background-color:var(--jet-component-couleur_bg);}.jet-listing-dynamic-post-3130 .elementor-element.elementor-element-3b6b6d8 .elementor-heading-title{color:var(--jet-component-couleur_ques);}.jet-listing-dynamic-post-3130 .elementor-element.elementor-element-03fa5cc .elementor-heading-title{color:var(--jet-component-couleur_titre);}.jet-listing-dynamic-post-3130 .elementor-element.elementor-element-18c24e4 .elementor-button{fill:var(--jet-component-couleut_text_bouton);color:var(--jet-component-couleut_text_bouton);background-color:var(--jet-component-couleur_bouton);}<\/style>\t\t<div data-elementor-type=\"jet-listing-items\" data-elementor-id=\"3320\" class=\"elementor elementor-3320 elementor-1275 elementor-1275\" data-elementor-post-type=\"jet-engine\">\n\t\t\t\t<div class=\"elementor-element elementor-element-5eb8eca e-con-full e-flex e-con e-child\" data-id=\"5eb8eca\" data-element_type=\"container\" data-e-type=\"container\" data-settings=\"{&quot;background_background&quot;:&quot;classic&quot;}\">\n\t\t\t\t<div class=\"elementor-element elementor-element-3b6b6d8 elementor-widget elementor-widget-heading\" data-id=\"3b6b6d8\" data-element_type=\"widget\" data-e-type=\"widget\" data-widget_type=\"heading.default\">\n\t\t\t\t<div class=\"elementor-widget-container\">\n\t\t\t\t\t<h6 class=\"elementor-heading-title elementor-size-default\">Brauchen Sie Rat?<\/h6>\t\t\t\t<\/div>\n\t\t\t\t<\/div>\n\t\t\t\t<div class=\"elementor-element elementor-element-03fa5cc elementor-widget elementor-widget-heading\" data-id=\"03fa5cc\" data-element_type=\"widget\" data-e-type=\"widget\" data-widget_type=\"heading.default\">\n\t\t\t\t<div class=\"elementor-widget-container\">\n\t\t\t\t\t<h2 class=\"elementor-heading-title elementor-size-default\">Kontaktieren Sie uns<\/h2>\t\t\t\t<\/div>\n\t\t\t\t<\/div>\n\t\t\t\t<div class=\"elementor-element elementor-element-18c24e4 elementor-mobile-align-center elementor-align-center elementor-widget elementor-widget-button\" data-id=\"18c24e4\" data-element_type=\"widget\" data-e-type=\"widget\" data-widget_type=\"button.default\">\n\t\t\t\t<div class=\"elementor-widget-container\">\n\t\t\t\t\t\t\t\t\t<div class=\"elementor-button-wrapper\">\n\t\t\t\t\t<a class=\"elementor-button elementor-button-link elementor-size-sm\" href=\"https:\/\/antenne-quartiers-durables.ch\/de\/kontakt\/\">\n\t\t\t\t\t\t<span class=\"elementor-button-content-wrapper\">\n\t\t\t\t\t\t\t\t\t<span class=\"elementor-button-text\">Kontakt aufnehmen<\/span>\n\t\t\t\t\t<\/span>\n\t\t\t\t\t<\/a>\n\t\t\t\t<\/div>\n\t\t\t\t\t\t\t\t<\/div>\n\t\t\t\t<\/div>\n\t\t\t\t<\/div>\n\t\t\t\t<\/div>\n\t\t\t\t\t\t<\/div>\n\t\t\t\t<\/div>\n\t\t\t\t<\/div>\n\t\t\t\t<\/div>\n\t\t","protected":false},"excerpt":{"rendered":"<p>Beratung und Begleitung Die Antenne Nachhaltige Quartiere identifiziert die Bed\u00fcrfnisse der Akteurinnen und Akteure und bringt sie mit Fachleuten in Kontakt, die sie unterst\u00fctzen k\u00f6nnen. Sind Sie ein Quartierverein? Quartiervereine (oder Zusammenschl\u00fcsse von Bewohnerinnen und Bewohnern) spielen eine wesentliche Rolle bei der Umsetzung nachhaltiger Praktiken auf lokaler Ebene, indem sie die Bewohnerinnen und Bewohner mobilisieren [&hellip;]<\/p>\n","protected":false},"author":3,"featured_media":0,"parent":3158,"menu_order":15,"comment_status":"closed","ping_status":"closed","template":"","meta":{"footnotes":""},"class_list":["post-3130","page","type-page","status-publish","hentry"],"_links":{"self":[{"href":"https:\/\/antenne-quartiers-durables.ch\/de\/wp-json\/wp\/v2\/pages\/3130","targetHints":{"allow":["GET"]}}],"collection":[{"href":"https:\/\/antenne-quartiers-durables.ch\/de\/wp-json\/wp\/v2\/pages"}],"about":[{"href":"https:\/\/antenne-quartiers-durables.ch\/de\/wp-json\/wp\/v2\/types\/page"}],"author":[{"embeddable":true,"href":"https:\/\/antenne-quartiers-durables.ch\/de\/wp-json\/wp\/v2\/users\/3"}],"replies":[{"embeddable":true,"href":"https:\/\/antenne-quartiers-durables.ch\/de\/wp-json\/wp\/v2\/comments?post=3130"}],"version-history":[{"count":10,"href":"https:\/\/antenne-quartiers-durables.ch\/de\/wp-json\/wp\/v2\/pages\/3130\/revisions"}],"predecessor-version":[{"id":3488,"href":"https:\/\/antenne-quartiers-durables.ch\/de\/wp-json\/wp\/v2\/pages\/3130\/revisions\/3488"}],"up":[{"embeddable":true,"href":"https:\/\/antenne-quartiers-durables.ch\/de\/wp-json\/wp\/v2\/pages\/3158"}],"wp:attachment":[{"href":"https:\/\/antenne-quartiers-durables.ch\/de\/wp-json\/wp\/v2\/media?parent=3130"}],"curies":[{"name":"wp","href":"https:\/\/api.w.org\/{rel}","templated":true}]}}